{"id":14,"date":"2025-05-09T12:26:44","date_gmt":"2025-05-09T12:26:44","guid":{"rendered":"https:\/\/bimservicios.com.mx\/?page_id=14"},"modified":"2025-05-13T09:53:50","modified_gmt":"2025-05-13T15:53:50","slug":"inicio","status":"publish","type":"page","link":"https:\/\/bimservicios.com.mx\/","title":{"rendered":"Inicio"},"content":{"rendered":"<p>[et_pb_section fb_built=\u00bb1&#8243; module_class=\u00bbvertical-align\u00bb _builder_version=\u00bb4.27.4&#8243; _module_preset=\u00bbdefault\u00bb background_video_mp4=\u00bbhttps:\/\/bimservicios.com.mx\/wp-content\/uploads\/2025\/05\/video-index-bim-servicios.mp4&#8243; min_height=\u00bb80vh\u00bb height=\u00bb80vh\u00bb max_height=\u00bb80vh\u00bb bottom_divider_style=\u00bbcurve2&#8243; bottom_divider_color=\u00bb#FFFFFF\u00bb global_colors_info=\u00bb{}\u00bb][et_pb_row _builder_version=\u00bb4.27.4&#8243; _module_preset=\u00bbdefault\u00bb global_colors_info=\u00bb{}\u00bb][et_pb_column type=\u00bb4_4&#8243; _builder_version=\u00bb4.27.4&#8243; _module_preset=\u00bbdefault\u00bb global_colors_info=\u00bb{}\u00bb][et_pb_text _builder_version=\u00bb4.27.4&#8243; _module_preset=\u00bbdefault\u00bb header_font=\u00bbMontserrat|800||on|||||\u00bb header_text_align=\u00bbcenter\u00bb header_text_color=\u00bb#FFFFFF\u00bb header_font_size=\u00bb48px\u00bb header_line_height=\u00bb1.2em\u00bb custom_margin=\u00bb||10px||false|false\u00bb animation_style=\u00bbslide\u00bb animation_direction=\u00bbbottom\u00bb animation_delay=\u00bb250ms\u00bb header_font_size_tablet=\u00bb48px\u00bb header_font_size_phone=\u00bb32px\u00bb header_font_size_last_edited=\u00bbon|phone\u00bb header_text_shadow_style=\u00bbpreset1&#8243; global_colors_info=\u00bb{}\u00bb]<\/p>\n<h1>BUCEO INDUSTRIAL Y MANTENIMIENTO SUBACU\u00c1TICO Y EN SUPERFICIE<\/h1>\n<p>[\/et_pb_text][et_pb_divider divider_weight=\u00bb2px\u00bb _builder_version=\u00bb4.27.4&#8243; _module_preset=\u00bbdefault\u00bb custom_margin=\u00bb||0px||false|false\u00bb animation_style=\u00bbzoom\u00bb animation_delay=\u00bb450ms\u00bb global_colors_info=\u00bb{}\u00bb][\/et_pb_divider][et_pb_text _builder_version=\u00bb4.27.4&#8243; _module_preset=\u00bbdefault\u00bb text_font=\u00bbMontserrat|700|||||||\u00bb header_2_font=\u00bbMontserrat|700||on|||||\u00bb header_2_text_align=\u00bbcenter\u00bb header_2_text_color=\u00bb#FFFFFF\u00bb header_2_font_size=\u00bb22px\u00bb header_2_line_height=\u00bb1.2em\u00bb animation_style=\u00bbzoom\u00bb animation_delay=\u00bb550ms\u00bb header_2_font_size_tablet=\u00bb22px\u00bb header_2_font_size_phone=\u00bb16px\u00bb header_2_font_size_last_edited=\u00bbon|phone\u00bb header_2_text_shadow_style=\u00bbpreset1&#8243; global_colors_info=\u00bb{}\u00bb]<\/p>\n<h2>Llevamos soluciones t\u00e9cnicas a donde se requieran, sin importar la profundidad ni la distancia<\/h2>\n<p>[\/et_pb_text][\/et_pb_column][\/et_pb_row][\/et_pb_section][et_pb_section fb_built=\u00bb1&#8243; _builder_version=\u00bb4.27.4&#8243; _module_preset=\u00bbdefault\u00bb custom_padding=\u00bb6px|||||\u00bb global_colors_info=\u00bb{}\u00bb][et_pb_row column_structure=\u00bb3_5,2_5&#8243; make_equal=\u00bbon\u00bb _builder_version=\u00bb4.27.4&#8243; _module_preset=\u00bbdefault\u00bb width=\u00bb85%\u00bb max_width=\u00bb100%\u00bb global_colors_info=\u00bb{}\u00bb][et_pb_column type=\u00bb3_5&#8243; _builder_version=\u00bb4.27.4&#8243; _module_preset=\u00bbdefault\u00bb global_colors_info=\u00bb{}\u00bb][et_pb_text _builder_version=\u00bb4.27.4&#8243; _module_preset=\u00bbdefault\u00bb text_font=\u00bbMontserrat|700|||||||\u00bb text_text_color=\u00bb#2881C6&#8243; text_font_size=\u00bb42px\u00bb custom_margin=\u00bb||20px||false|false\u00bb animation_style=\u00bbzoom\u00bb text_font_size_tablet=\u00bb42px\u00bb text_font_size_phone=\u00bb32px\u00bb text_font_size_last_edited=\u00bbon|desktop\u00bb text_orientation_tablet=\u00bbcenter\u00bb text_orientation_phone=\u00bbcenter\u00bb text_orientation_last_edited=\u00bbon|desktop\u00bb global_colors_info=\u00bb{}\u00bb]<\/p>\n<p>Acerca de Nosotros<\/p>\n<p>[\/et_pb_text][et_pb_divider color=\u00bb#38BAD8&#8243; divider_weight=\u00bb3px\u00bb _builder_version=\u00bb4.27.4&#8243; _module_preset=\u00bbdefault\u00bb module_alignment=\u00bbcenter\u00bb animation_style=\u00bbzoom\u00bb global_colors_info=\u00bb{}\u00bb][\/et_pb_divider][et_pb_text _builder_version=\u00bb4.27.4&#8243; _module_preset=\u00bbdefault\u00bb text_font=\u00bbMontserrat||||||||\u00bb text_font_size=\u00bb16px\u00bb animation_style=\u00bbzoom\u00bb text_orientation_tablet=\u00bbjustified\u00bb text_orientation_phone=\u00bbjustified\u00bb text_orientation_last_edited=\u00bbon|phone\u00bb global_colors_info=\u00bb{}\u00bb]<\/p>\n<p data-start=\"442\" data-end=\"734\" class=\"\">En <strong data-start=\"445\" data-end=\"462\">BIM Servicios<\/strong>, somos una empresa especializada en buceo industrial y mantenimiento t\u00e9cnico en superficies y espacios subacu\u00e1ticos. Contamos con presencia activa en <strong data-start=\"613\" data-end=\"652\">Guadalajara, Villahermosa y Torre\u00f3n<\/strong>, y brindamos soluciones donde se necesiten, sin que la ubicaci\u00f3n sea una barrera.<\/p>\n<p data-start=\"736\" data-end=\"1180\" class=\"\">Nuestro equipo est\u00e1 conformado por profesionales altamente calificados con <strong data-start=\"811\" data-end=\"886\">certificaciones en trabajos subacu\u00e1ticos, espacios confinados y alturas<\/strong>, lo que nos permite ejecutar operaciones seguras, eficientes y sin interrupciones a los procesos operativos de nuestros clientes. Empresas l\u00edderes como <strong data-start=\"1039\" data-end=\"1140\">Grupo LALA, Hyatt Regency, Secretar\u00eda de Infraestructura del Estado de Jalisco y YURA Corporation<\/strong> ya han confiado en nuestra experiencia.<\/p>\n<p>[\/et_pb_text][\/et_pb_column][et_pb_column type=\u00bb2_5&#8243; _builder_version=\u00bb4.27.4&#8243; _module_preset=\u00bbdefault\u00bb global_colors_info=\u00bb{}\u00bb][dsm_blob_image blob_image=\u00bbhttps:\/\/bimservicios.com.mx\/wp-content\/uploads\/2025\/05\/WhatsApp-Image-2025-05-13-at-9.48.12-AM.jpeg\u00bb title_text=\u00bbWhatsApp Image 2025-05-13 at 9.48.12 AM\u00bb _builder_version=\u00bb4.27.4&#8243; _module_preset=\u00bbdefault\u00bb animation_style=\u00bbzoom\u00bb hover_enabled=\u00bb0&#8243; global_colors_info=\u00bb{}\u00bb sticky_enabled=\u00bb0&#8243;][\/dsm_blob_image][\/et_pb_column][\/et_pb_row][et_pb_row column_structure=\u00bb1_3,1_3,1_3&#8243; make_equal=\u00bbon\u00bb _builder_version=\u00bb4.27.4&#8243; _module_preset=\u00bbdefault\u00bb width=\u00bb85%\u00bb max_width=\u00bb100%\u00bb global_colors_info=\u00bb{}\u00bb][et_pb_column type=\u00bb1_3&#8243; _builder_version=\u00bb4.27.4&#8243; _module_preset=\u00bbdefault\u00bb global_colors_info=\u00bb{}\u00bb][et_pb_blurb title=\u00bbMisi\u00f3n\u00bb image=\u00bbhttps:\/\/bimservicios.com.mx\/wp-content\/uploads\/2025\/05\/mission.png\u00bb image_icon_width=\u00bb25%\u00bb image_icon_width_tablet=\u00bb25%\u00bb image_icon_width_phone=\u00bb25%\u00bb image_icon_width_last_edited=\u00bbon|phone\u00bb _builder_version=\u00bb4.27.4&#8243; _module_preset=\u00bbdefault\u00bb header_font=\u00bbMontserrat|700|||||||\u00bb header_text_align=\u00bbcenter\u00bb header_text_color=\u00bb#00547C\u00bb body_font=\u00bbMontserrat||||||||\u00bb body_text_align=\u00bbcenter\u00bb global_colors_info=\u00bb{}\u00bb]<\/p>\n<p>Brindar soluciones especializadas en mantenimiento industrial y subacu\u00e1tico, garantizando seguridad, eficiencia y continuidad operativa en cada servicio prestado.<\/p>\n<p>[\/et_pb_blurb][\/et_pb_column][et_pb_column type=\u00bb1_3&#8243; _builder_version=\u00bb4.27.4&#8243; _module_preset=\u00bbdefault\u00bb global_colors_info=\u00bb{}\u00bb][et_pb_blurb title=\u00bbVisi\u00f3n\u00bb image=\u00bbhttps:\/\/bimservicios.com.mx\/wp-content\/uploads\/2025\/05\/vision.png\u00bb image_icon_width=\u00bb25%\u00bb image_icon_width_tablet=\u00bb25%\u00bb image_icon_width_phone=\u00bb25%\u00bb image_icon_width_last_edited=\u00bbon|phone\u00bb _builder_version=\u00bb4.27.4&#8243; _module_preset=\u00bbdefault\u00bb header_font=\u00bbMontserrat|700|||||||\u00bb header_text_align=\u00bbcenter\u00bb header_text_color=\u00bb#00547C\u00bb body_font=\u00bbMontserrat||||||||\u00bb body_text_align=\u00bbcenter\u00bb global_colors_info=\u00bb{}\u00bb]<\/p>\n<p>Ser la empresa l\u00edder en M\u00e9xico en servicios de buceo industrial y mantenimiento t\u00e9cnico, destacando por nuestra innovaci\u00f3n, calidad y compromiso con el entorno.<\/p>\n<p>[\/et_pb_blurb][\/et_pb_column][et_pb_column type=\u00bb1_3&#8243; _builder_version=\u00bb4.27.4&#8243; _module_preset=\u00bbdefault\u00bb global_colors_info=\u00bb{}\u00bb][et_pb_blurb title=\u00bbValores\u00bb image=\u00bbhttps:\/\/bimservicios.com.mx\/wp-content\/uploads\/2025\/05\/hr-1-1.png\u00bb image_icon_width=\u00bb25%\u00bb image_icon_width_tablet=\u00bb25%\u00bb image_icon_width_phone=\u00bb25%\u00bb image_icon_width_last_edited=\u00bbon|phone\u00bb _builder_version=\u00bb4.27.4&#8243; _module_preset=\u00bbdefault\u00bb header_font=\u00bbMontserrat|700|||||||\u00bb header_text_align=\u00bbcenter\u00bb header_text_color=\u00bb#00547C\u00bb body_font=\u00bbMontserrat||||||||\u00bb body_text_align=\u00bbcenter\u00bb global_colors_info=\u00bb{}\u00bb]<\/p>\n<p>Seguridad, responsabilidad, integridad, eficiencia operativa y compromiso con la excelencia t\u00e9cnica en cada proyecto.<\/p>\n<p>[\/et_pb_blurb][\/et_pb_column][\/et_pb_row][et_pb_row make_equal=\u00bbon\u00bb _builder_version=\u00bb4.27.4&#8243; _module_preset=\u00bbdefault\u00bb width=\u00bb85%\u00bb max_width=\u00bb100%\u00bb custom_padding=\u00bb||4px|||\u00bb global_colors_info=\u00bb{}\u00bb][et_pb_column type=\u00bb4_4&#8243; _builder_version=\u00bb4.27.4&#8243; _module_preset=\u00bbdefault\u00bb global_colors_info=\u00bb{}\u00bb][et_pb_text _builder_version=\u00bb4.27.4&#8243; _module_preset=\u00bbdefault\u00bb text_font=\u00bbMontserrat|700|||||||\u00bb text_text_color=\u00bb#2881C6&#8243; text_font_size=\u00bb42px\u00bb text_orientation=\u00bbcenter\u00bb custom_margin=\u00bb||20px||false|false\u00bb animation_style=\u00bbzoom\u00bb text_font_size_tablet=\u00bb42px\u00bb text_font_size_phone=\u00bb32px\u00bb text_font_size_last_edited=\u00bbon|desktop\u00bb text_orientation_tablet=\u00bbcenter\u00bb text_orientation_phone=\u00bbcenter\u00bb text_orientation_last_edited=\u00bbon|desktop\u00bb global_colors_info=\u00bb{}\u00bb]<\/p>\n<p>Algunos de Nuestros Clientes:<\/p>\n<p>[\/et_pb_text][et_pb_divider color=\u00bb#38BAD8&#8243; divider_weight=\u00bb3px\u00bb _builder_version=\u00bb4.27.4&#8243; _module_preset=\u00bbdefault\u00bb module_alignment=\u00bbcenter\u00bb animation_style=\u00bbzoom\u00bb global_colors_info=\u00bb{}\u00bb][\/et_pb_divider][\/et_pb_column][\/et_pb_row][et_pb_row column_structure=\u00bb1_4,1_4,1_4,1_4&#8243; make_equal=\u00bbon\u00bb _builder_version=\u00bb4.27.4&#8243; _module_preset=\u00bbdefault\u00bb width=\u00bb85%\u00bb max_width=\u00bb100%\u00bb global_colors_info=\u00bb{}\u00bb][et_pb_column type=\u00bb1_4&#8243; _builder_version=\u00bb4.27.4&#8243; _module_preset=\u00bbdefault\u00bb global_colors_info=\u00bb{}\u00bb][et_pb_image src=\u00bbhttps:\/\/bimservicios.com.mx\/wp-content\/uploads\/2025\/05\/lala.png\u00bb title_text=\u00bblala\u00bb align=\u00bbcenter\u00bb _builder_version=\u00bb4.27.4&#8243; _module_preset=\u00bbdefault\u00bb animation_style=\u00bbzoom\u00bb global_colors_info=\u00bb{}\u00bb][\/et_pb_image][\/et_pb_column][et_pb_column type=\u00bb1_4&#8243; _builder_version=\u00bb4.27.4&#8243; _module_preset=\u00bbdefault\u00bb global_colors_info=\u00bb{}\u00bb][et_pb_image src=\u00bbhttps:\/\/bimservicios.com.mx\/wp-content\/uploads\/2025\/05\/yura-1.png\u00bb title_text=\u00bbyura\u00bb align=\u00bbcenter\u00bb _builder_version=\u00bb4.27.4&#8243; _module_preset=\u00bbdefault\u00bb animation_style=\u00bbzoom\u00bb global_colors_info=\u00bb{}\u00bb][\/et_pb_image][\/et_pb_column][et_pb_column type=\u00bb1_4&#8243; _builder_version=\u00bb4.27.4&#8243; _module_preset=\u00bbdefault\u00bb global_colors_info=\u00bb{}\u00bb][et_pb_image src=\u00bbhttps:\/\/bimservicios.com.mx\/wp-content\/uploads\/2025\/05\/jalisco-1.png\u00bb title_text=\u00bbjalisco\u00bb align=\u00bbcenter\u00bb _builder_version=\u00bb4.27.4&#8243; _module_preset=\u00bbdefault\u00bb animation_style=\u00bbzoom\u00bb global_colors_info=\u00bb{}\u00bb][\/et_pb_image][\/et_pb_column][et_pb_column type=\u00bb1_4&#8243; _builder_version=\u00bb4.27.4&#8243; _module_preset=\u00bbdefault\u00bb global_colors_info=\u00bb{}\u00bb][et_pb_image src=\u00bbhttps:\/\/bimservicios.com.mx\/wp-content\/uploads\/2025\/05\/hyatt.png\u00bb title_text=\u00bbhyatt\u00bb align=\u00bbcenter\u00bb _builder_version=\u00bb4.27.4&#8243; _module_preset=\u00bbdefault\u00bb animation_style=\u00bbzoom\u00bb global_colors_info=\u00bb{}\u00bb][\/et_pb_image][\/et_pb_column][\/et_pb_row][\/et_pb_section]<\/p>\n","protected":false},"excerpt":{"rendered":"<p>BUCEO INDUSTRIAL Y MANTENIMIENTO SUBACU\u00c1TICO Y EN SUPERFICIELlevamos soluciones t\u00e9cnicas a donde se requieran, sin importar la profundidad ni la distanciaAcerca de NosotrosEn BIM Servicios, somos una empresa especializada en buceo industrial y mantenimiento t\u00e9cnico en superficies y espacios subacu\u00e1ticos. Contamos con presencia activa en Guadalajara, Villahermosa y Torre\u00f3n, y brindamos soluciones donde se necesiten, sin que la ubicaci\u00f3n sea una barrera. Nuestro equipo est\u00e1 conformado por profesionales altamente calificados con certificaciones en trabajos subacu\u00e1ticos, espacios confinados y alturas, lo que nos permite ejecutar operaciones seguras, eficientes y sin interrupciones a los procesos operativos de nuestros clientes. Empresas l\u00edderes como Grupo LALA, Hyatt Regency, Secretar\u00eda de Infraestructura del Estado de Jalisco y YURA Corporation ya han confiado en nuestra experiencia.<div class=\"et_pb_module dsm_blob_image dsm_blob_image_0 et_animated\">\n\t\t\t\t\n\t\t\t\t\n\t\t\t\t\n\t\t\t\t\n\t\t\t\t\n\t\t\t\t\n\t\t\t\t<div class=\"et_pb_module_inner\">\n\t\t\t\t\t<div class=\"dsm_blob_image_wrap dsm_blob_image_one\">\n\t\t\t\t<img decoding=\"async\" src=\"https:\/\/bimservicios.com.mx\/wp-content\/uploads\/2025\/05\/WhatsApp-Image-2025-05-13-at-9.48.12-AM.jpeg\" alt=\"\" title=\"WhatsApp Image 2025-05-13 at 9.48.12 AM\" srcset=\"https:\/\/bimservicios.com.mx\/wp-content\/uploads\/2025\/05\/WhatsApp-Image-2025-05-13-at-9.48.12-AM.jpeg 398w, https:\/\/bimservicios.com.mx\/wp-content\/uploads\/2025\/05\/WhatsApp-Image-2025-05-13-at-9.48.12-AM-268x300.jpeg 268w\" sizes=\"(max-width: 398px) 100vw, 398px\" class=\"dsm_blob_image_img\" \/>\n\t\t\t\t\t\n\t\t\t<\/div>\n\t\t\t\t<\/div>\n\t\t\t<\/div>Brindar soluciones especializadas en mantenimiento industrial y subacu\u00e1tico, garantizando seguridad, eficiencia y continuidad operativa en cada servicio prestado.Ser la empresa l\u00edder en M\u00e9xico en servicios de buceo industrial y mantenimiento t\u00e9cnico, destacando por nuestra innovaci\u00f3n, calidad y compromiso con el entorno.Seguridad, responsabilidad, integridad, eficiencia operativa y compromiso con la excelencia t\u00e9cnica en cada proyecto.Algunos de Nuestros Clientes:<\/p>\n","protected":false},"author":1,"featured_media":0,"parent":0,"menu_order":0,"comment_status":"closed","ping_status":"closed","template":"","meta":{"_et_pb_use_builder":"on","_et_pb_old_content":"","_et_gb_content_width":"","footnotes":""},"class_list":["post-14","page","type-page","status-publish","hentry"],"_links":{"self":[{"href":"https:\/\/bimservicios.com.mx\/index.php\/wp-json\/wp\/v2\/pages\/14","targetHints":{"allow":["GET"]}}],"collection":[{"href":"https:\/\/bimservicios.com.mx\/index.php\/wp-json\/wp\/v2\/pages"}],"about":[{"href":"https:\/\/bimservicios.com.mx\/index.php\/wp-json\/wp\/v2\/types\/page"}],"author":[{"embeddable":true,"href":"https:\/\/bimservicios.com.mx\/index.php\/wp-json\/wp\/v2\/users\/1"}],"replies":[{"embeddable":true,"href":"https:\/\/bimservicios.com.mx\/index.php\/wp-json\/wp\/v2\/comments?post=14"}],"version-history":[{"count":12,"href":"https:\/\/bimservicios.com.mx\/index.php\/wp-json\/wp\/v2\/pages\/14\/revisions"}],"predecessor-version":[{"id":162,"href":"https:\/\/bimservicios.com.mx\/index.php\/wp-json\/wp\/v2\/pages\/14\/revisions\/162"}],"wp:attachment":[{"href":"https:\/\/bimservicios.com.mx\/index.php\/wp-json\/wp\/v2\/media?parent=14"}],"curies":[{"name":"wp","href":"https:\/\/api.w.org\/{rel}","templated":true}]}}