{"id":142,"date":"2025-05-13T09:31:21","date_gmt":"2025-05-13T15:31:21","guid":{"rendered":"https:\/\/bimservicios.com.mx\/?page_id=142"},"modified":"2025-05-13T09:34:55","modified_gmt":"2025-05-13T15:34:55","slug":"trabajos-subacuaticos-especializados","status":"publish","type":"page","link":"https:\/\/bimservicios.com.mx\/index.php\/trabajos-subacuaticos-especializados\/","title":{"rendered":"Trabajos Subacu\u00e1ticos Especializados"},"content":{"rendered":"<p>[et_pb_section fb_built=\u00bb1&#8243; module_class=\u00bbvertical-align\u00bb _builder_version=\u00bb4.27.4&#8243; _module_preset=\u00bbdefault\u00bb use_background_color_gradient=\u00bbon\u00bb background_color_gradient_type=\u00bbcircular\u00bb background_color_gradient_stops=\u00bbrgba(0,0,0,0.33) 0%|rgba(0,0,0,0.85) 100%\u00bb background_image=\u00bbhttps:\/\/bimservicios.com.mx\/wp-content\/uploads\/2025\/05\/gettyimages-1053853578.jpg\u00bb background_blend=\u00bbmultiply\u00bb background_enable_video_mp4=\u00bboff\u00bb min_height=\u00bb80vh\u00bb height=\u00bb80vh\u00bb max_height=\u00bb80vh\u00bb bottom_divider_style=\u00bbcurve2&#8243; bottom_divider_color=\u00bb#FFFFFF\u00bb hover_enabled=\u00bb0&#8243; global_colors_info=\u00bb{}\u00bb title_text=\u00bbgettyimages-1053853578&#8243; sticky_enabled=\u00bb0&#8243;][et_pb_row _builder_version=\u00bb4.27.4&#8243; _module_preset=\u00bbdefault\u00bb global_colors_info=\u00bb{}\u00bb][et_pb_column type=\u00bb4_4&#8243; _builder_version=\u00bb4.27.4&#8243; _module_preset=\u00bbdefault\u00bb global_colors_info=\u00bb{}\u00bb][et_pb_text _builder_version=\u00bb4.27.4&#8243; _module_preset=\u00bbdefault\u00bb header_font=\u00bbMontserrat|800||on|||||\u00bb header_text_align=\u00bbcenter\u00bb header_text_color=\u00bb#FFFFFF\u00bb header_font_size=\u00bb48px\u00bb header_line_height=\u00bb1.2em\u00bb custom_margin=\u00bb||10px||false|false\u00bb animation_style=\u00bbslide\u00bb animation_direction=\u00bbbottom\u00bb animation_delay=\u00bb250ms\u00bb hover_enabled=\u00bb0&#8243; header_font_size_tablet=\u00bb48px\u00bb header_font_size_phone=\u00bb32px\u00bb header_font_size_last_edited=\u00bbon|phone\u00bb header_text_shadow_style=\u00bbpreset1&#8243; global_colors_info=\u00bb{}\u00bb sticky_enabled=\u00bb0&#8243;]<\/p>\n<h1>Trabajos Subacu\u00e1ticos Especializados<\/h1>\n<p>[\/et_pb_text][\/et_pb_column][\/et_pb_row][\/et_pb_section][et_pb_section fb_built=\u00bb1&#8243; _builder_version=\u00bb4.27.4&#8243; _module_preset=\u00bbdefault\u00bb custom_padding=\u00bb49px|||||\u00bb global_colors_info=\u00bb{}\u00bb][et_pb_row column_structure=\u00bb3_5,2_5&#8243; make_equal=\u00bbon\u00bb _builder_version=\u00bb4.27.4&#8243; _module_preset=\u00bbdefault\u00bb width=\u00bb85%\u00bb max_width=\u00bb100%\u00bb global_colors_info=\u00bb{}\u00bb][et_pb_column type=\u00bb3_5&#8243; module_class=\u00bbvertical-align\u00bb _builder_version=\u00bb4.27.4&#8243; _module_preset=\u00bbdefault\u00bb global_colors_info=\u00bb{}\u00bb][et_pb_text _builder_version=\u00bb4.27.4&#8243; _module_preset=\u00bbdefault\u00bb text_font=\u00bbMontserrat||||||||\u00bb text_font_size=\u00bb16px\u00bb animation_style=\u00bbzoom\u00bb hover_enabled=\u00bb0&#8243; text_orientation_tablet=\u00bbjustified\u00bb text_orientation_phone=\u00bbjustified\u00bb text_orientation_last_edited=\u00bbon|desktop\u00bb global_colors_info=\u00bb{}\u00bb sticky_enabled=\u00bb0&#8243;]<\/p>\n<p>Ofrecemos una gama de trabajos realizados mediante buceo industrial, que incluyen colados de concreto, recuperaci\u00f3n de objetos perdidos, inspecci\u00f3n de estructuras y soldadura h\u00fameda. <\/p>\n<p>Estos trabajos se desarrollan con equipos certificados y bajo protocolos de seguridad internacional. Nuestro personal t\u00e9cnico realiza un levantamiento previo de condiciones, proponiendo la mejor estrategia de intervenci\u00f3n seg\u00fan las caracter\u00edsticas del entorno subacu\u00e1tico. <\/p>\n<p>Esta flexibilidad operativa nos permite atender desde obras de emergencia hasta proyectos de largo plazo con la misma eficiencia.<\/p>\n<p>[\/et_pb_text][dsm_button button_one_text=\u00bbCont\u00e1ctenos Ahora\u00bb button_one_url=\u00bbhttps:\/\/wa.me\/5218711196001&#8243; button_one_url_new_window=\u00bbon\u00bb button_two_text=\u00bbRegresar a Servicios\u00bb button_two_url=\u00bb@ET-DC@eyJkeW5hbWljIjp0cnVlLCJjb250ZW50IjoicG9zdF9saW5rX3VybF9wYWdlIiwic2V0dGluZ3MiOnsicG9zdF9pZCI6IjgwIn19@\u00bb button_alignment=\u00bbleft\u00bb button_alignment_tablet=\u00bbcenter\u00bb button_alignment_phone=\u00bbcenter\u00bb button_alignment_last_edited=\u00bbon|desktop\u00bb _builder_version=\u00bb4.27.4&#8243; _dynamic_attributes=\u00bbbutton_two_url\u00bb _module_preset=\u00bbdefault\u00bb custom_button_one=\u00bbon\u00bb button_one_text_size=\u00bb16px\u00bb button_one_text_color=\u00bb#FFFFFF\u00bb button_one_bg_color=\u00bb#00547C\u00bb button_one_border_width=\u00bb0px\u00bb button_one_font=\u00bbMontserrat|700|||||||\u00bb button_one_icon=\u00bb&#xf232;||fa||400&#8243; custom_button_two=\u00bbon\u00bb button_two_text_size=\u00bb16px\u00bb button_two_text_color=\u00bb#FFFFFF\u00bb button_two_bg_color=\u00bb#00547C\u00bb button_two_border_width=\u00bb0px\u00bb button_two_font=\u00bbMontserrat|700|||||||\u00bb button_two_icon=\u00bb&#x23;||divi||400&#8243; button_two_icon_placement=\u00bbleft\u00bb button_two_custom_margin_tablet=\u00bb\u00bb button_two_custom_margin_phone=\u00bb|||0px|false|false\u00bb button_two_custom_margin_last_edited=\u00bbon|desktop\u00bb animation_style=\u00bbzoom\u00bb box_shadow_style_button_one=\u00bbpreset3&#8243; box_shadow_style_button_two=\u00bbpreset3&#8243; global_colors_info=\u00bb{}\u00bb button_one_bg_color__hover_enabled=\u00bbon|hover\u00bb button_one_bg_color__hover=\u00bb#38BAD8&#8243; button_one_bg_enable_color__hover=\u00bbon\u00bb button_two_bg_color__hover=\u00bb#38BAD8&#8243; button_two_bg_color__hover_enabled=\u00bbon|hover\u00bb][\/dsm_button][\/et_pb_column][et_pb_column type=\u00bb2_5&#8243; _builder_version=\u00bb4.27.4&#8243; _module_preset=\u00bbdefault\u00bb global_colors_info=\u00bb{}\u00bb][dsm_blob_image blob_image=\u00bbhttps:\/\/bimservicios.com.mx\/wp-content\/uploads\/2025\/05\/1era-escuela-itinerante-de-soldadura-marina.jpg\u00bb title_text=\u00bb1era-escuela-itinerante-de-soldadura-marina\u00bb _builder_version=\u00bb4.27.4&#8243; _module_preset=\u00bbdefault\u00bb animation_style=\u00bbzoom\u00bb hover_enabled=\u00bb0&#8243; global_colors_info=\u00bb{}\u00bb sticky_enabled=\u00bb0&#8243;][\/dsm_blob_image][\/et_pb_column][\/et_pb_row][\/et_pb_section]<\/p>\n","protected":false},"excerpt":{"rendered":"<p>Trabajos Subacu\u00e1ticos EspecializadosOfrecemos una gama de trabajos realizados mediante buceo industrial, que incluyen colados de concreto, recuperaci\u00f3n de objetos perdidos, inspecci\u00f3n de estructuras y soldadura h\u00fameda. Estos trabajos se desarrollan con equipos certificados y bajo protocolos de seguridad internacional. Nuestro personal t\u00e9cnico realiza un levantamiento previo de condiciones, proponiendo la mejor estrategia de intervenci\u00f3n seg\u00fan las caracter\u00edsticas del entorno subacu\u00e1tico. Esta flexibilidad operativa nos permite atender desde obras de emergencia hasta proyectos de largo plazo con la misma eficiencia.<div class=\"et_pb_module dsm_button dsm_button_0 et_animated et_pb_bg_layout_light\">\n\t\t\t\t\n\t\t\t\t\n\t\t\t\t\n\t\t\t\t\n\t\t\t\t\n\t\t\t\t\n\t\t\t\t<div class=\"et_pb_module_inner\">\n\t\t\t\t\t<div class=\"et_pb_button_module_wrappers dsm_button_0_wrapper et_pb_button_alignment_left et_pb_button_alignment_tablet_center et_pb_button_alignment_phone_center et_pb_module\">\n\t\t\t\t<a class=\"et_pb_button et_pb_button_one et_pb_custom_button_icon et_pb_bg_layout_light dsm-none \"  href=https:\/\/wa.me\/5218711196001 target=\"_blank\" data-icon=\"&#xf232;\" data-dsm-lightbox-id=\"dsm_button_one_lightbox dsm_button_0\"><span>Cont\u00e1ctenos Ahora<\/span><\/a><a class=\"et_pb_button et_pb_button_two et_pb_custom_button_icon et_pb_bg_layout_light dsm-none \"  data-icon=\"&#x23;\" data-dsm-lightbox-id=\"dsm_button_two_lightbox dsm_button_0\"><span>Regresar a Servicios<\/span><\/a>\n\t\t\t<\/div>\n\t\t\t\t<\/div>\n\t\t\t<\/div><div class=\"et_pb_module dsm_blob_image dsm_blob_image_0 et_animated\">\n\t\t\t\t\n\t\t\t\t\n\t\t\t\t\n\t\t\t\t\n\t\t\t\t\n\t\t\t\t\n\t\t\t\t<div class=\"et_pb_module_inner\">\n\t\t\t\t\t<div class=\"dsm_blob_image_wrap dsm_blob_image_one\">\n\t\t\t\t<img decoding=\"async\" src=\"https:\/\/bimservicios.com.mx\/wp-content\/uploads\/2025\/05\/1era-escuela-itinerante-de-soldadura-marina.jpg\" alt=\"\" title=\"1era-escuela-itinerante-de-soldadura-marina\" srcset=\"https:\/\/bimservicios.com.mx\/wp-content\/uploads\/2025\/05\/1era-escuela-itinerante-de-soldadura-marina.jpg 1080w, https:\/\/bimservicios.com.mx\/wp-content\/uploads\/2025\/05\/1era-escuela-itinerante-de-soldadura-marina-980x980.jpg 980w, https:\/\/bimservicios.com.mx\/wp-content\/uploads\/2025\/05\/1era-escuela-itinerante-de-soldadura-marina-480x480.jpg 480w\" sizes=\"(min-width: 0px) and (max-width: 480px) 480px, (min-width: 481px) and (max-width: 980px) 980px, (min-width: 981px) 1080px, 100vw\" class=\"dsm_blob_image_img\" \/>\n\t\t\t\t\t\n\t\t\t<\/div>\n\t\t\t\t<\/div>\n\t\t\t<\/div><\/p>\n","protected":false},"author":1,"featured_media":0,"parent":0,"menu_order":0,"comment_status":"closed","ping_status":"closed","template":"","meta":{"_et_pb_use_builder":"on","_et_pb_old_content":"","_et_gb_content_width":"","footnotes":""},"class_list":["post-142","page","type-page","status-publish","hentry"],"_links":{"self":[{"href":"https:\/\/bimservicios.com.mx\/index.php\/wp-json\/wp\/v2\/pages\/142","targetHints":{"allow":["GET"]}}],"collection":[{"href":"https:\/\/bimservicios.com.mx\/index.php\/wp-json\/wp\/v2\/pages"}],"about":[{"href":"https:\/\/bimservicios.com.mx\/index.php\/wp-json\/wp\/v2\/types\/page"}],"author":[{"embeddable":true,"href":"https:\/\/bimservicios.com.mx\/index.php\/wp-json\/wp\/v2\/users\/1"}],"replies":[{"embeddable":true,"href":"https:\/\/bimservicios.com.mx\/index.php\/wp-json\/wp\/v2\/comments?post=142"}],"version-history":[{"count":4,"href":"https:\/\/bimservicios.com.mx\/index.php\/wp-json\/wp\/v2\/pages\/142\/revisions"}],"predecessor-version":[{"id":149,"href":"https:\/\/bimservicios.com.mx\/index.php\/wp-json\/wp\/v2\/pages\/142\/revisions\/149"}],"wp:attachment":[{"href":"https:\/\/bimservicios.com.mx\/index.php\/wp-json\/wp\/v2\/media?parent=142"}],"curies":[{"name":"wp","href":"https:\/\/api.w.org\/{rel}","templated":true}]}}